{"id":593,"date":"2023-05-20T13:51:07","date_gmt":"2023-05-20T13:51:07","guid":{"rendered":"https:\/\/comtecol.com\/?page_id=593"},"modified":"2023-05-26T01:25:17","modified_gmt":"2023-05-26T01:25:17","slug":"ewk-a-2","status":"publish","type":"page","link":"http:\/\/comtecol.com\/en\/ewk-a-2\/","title":{"rendered":"EWK-A"},"content":{"rendered":"<div data-elementor-type=\"wp-page\" data-elementor-id=\"593\" class=\"elementor elementor-593\">\n\t\t\t\t\t\t\t\t\t<section class=\"elementor-section elementor-top-section elementor-element elementor-element-21653b02 elementor-section-full_width elementor-section-height-min-height elementor-section-stretched elementor-section-height-default elementor-section-items-middle\" data-id=\"21653b02\" data-element_type=\"section\" data-settings=\"{&quot;stretch_section&quot;:&quot;section-stretched&quot;,&quot;background_background&quot;:&quot;classic&quot;,&quot;_ha_eqh_enable&quot;:false}\">\n\t\t\t\t\t\t\t<div class=\"elementor-background-overlay\"><\/div>\n\t\t\t\t\t\t\t<div class=\"elementor-container elementor-column-gap-default\">\n\t\t\t\t\t<div class=\"elementor-column elementor-col-100 elementor-top-column elementor-element elementor-element-a112189\" data-id=\"a112189\" data-element_type=\"column\">\n\t\t\t<div class=\"elementor-widget-wrap elementor-element-populated\">\n\t\t\t\t\t\t\t\t<div class=\"elementor-element elementor-element-15a5b477 animated-slow elementor-invisible elementor-widget elementor-widget-heading\" data-id=\"15a5b477\" data-element_type=\"widget\" data-settings=\"{&quot;_animation&quot;:&quot;fadeInRight&quot;}\" data-widget_type=\"heading.default\">\n\t\t\t\t<div class=\"elementor-widget-container\">\n\t\t\t<style>\/*! elementor - v3.12.2 - 23-04-2023 *\/\n.elementor-heading-title{padding:0;margin:0;line-height:1}.elementor-widget-heading .elementor-heading-title[class*=elementor-size-]>a{color:inherit;font-size:inherit;line-height:inherit}.elementor-widget-heading .elementor-heading-title.elementor-size-small{font-size:15px}.elementor-widget-heading .elementor-heading-title.elementor-size-medium{font-size:19px}.elementor-widget-heading .elementor-heading-title.elementor-size-large{font-size:29px}.elementor-widget-heading .elementor-heading-title.elementor-size-xl{font-size:39px}.elementor-widget-heading .elementor-heading-title.elementor-size-xxl{font-size:59px}<\/style><h2 class=\"elementor-heading-title elementor-size-default\">EWK-A<\/h2>\t\t<\/div>\n\t\t\t\t<\/div>\n\t\t\t\t\t<\/div>\n\t\t<\/div>\n\t\t\t\t\t\t\t<\/div>\n\t\t<\/section>\n\t\t\t\t<section class=\"elementor-section elementor-top-section elementor-element elementor-element-7da5f75 elementor-section-full_width elementor-section-stretched elementor-section-height-default elementor-section-height-default\" data-id=\"7da5f75\" data-element_type=\"section\" data-settings=\"{&quot;stretch_section&quot;:&quot;section-stretched&quot;,&quot;_ha_eqh_enable&quot;:false}\">\n\t\t\t\t\t\t<div class=\"elementor-container elementor-column-gap-default\">\n\t\t\t\t\t<div class=\"elementor-column elementor-col-50 elementor-top-column elementor-element elementor-element-8a57656 animated-slow elementor-invisible\" data-id=\"8a57656\" data-element_type=\"column\" data-settings=\"{&quot;animation&quot;:&quot;fadeInUp&quot;}\">\n\t\t\t<div class=\"elementor-widget-wrap elementor-element-populated\">\n\t\t\t\t\t\t\t\t<div class=\"elementor-element elementor-element-cbeb995 elementor-widget elementor-widget-image\" data-id=\"cbeb995\" data-element_type=\"widget\" data-widget_type=\"image.default\">\n\t\t\t\t<div class=\"elementor-widget-container\">\n\t\t\t<style>\/*! elementor - v3.12.2 - 23-04-2023 *\/\n.elementor-widget-image{text-align:center}.elementor-widget-image a{display:inline-block}.elementor-widget-image a img[src$=\".svg\"]{width:48px}.elementor-widget-image img{vertical-align:middle;display:inline-block}<\/style>\t\t\t\t\t\t\t\t\t\t\t\t<img loading=\"lazy\" decoding=\"async\" width=\"510\" height=\"646\" src=\"http:\/\/comtecol.com\/wp-content\/uploads\/2023\/05\/EWK-A.jpg\" class=\"attachment-large size-large wp-image-259\" alt=\"\" srcset=\"http:\/\/comtecol.com\/wp-content\/uploads\/2023\/05\/EWK-A.jpg 510w, http:\/\/comtecol.com\/wp-content\/uploads\/2023\/05\/EWK-A-237x300.jpg 237w\" sizes=\"auto, (max-width: 510px) 100vw, 510px\" \/>\t\t\t\t\t\t\t\t\t\t\t\t\t\t\t<\/div>\n\t\t\t\t<\/div>\n\t\t\t\t\t<\/div>\n\t\t<\/div>\n\t\t\t\t<div class=\"elementor-column elementor-col-50 elementor-top-column elementor-element elementor-element-b835481 animated-slow elementor-invisible\" data-id=\"b835481\" data-element_type=\"column\" data-settings=\"{&quot;animation&quot;:&quot;fadeInUp&quot;}\">\n\t\t\t<div class=\"elementor-widget-wrap elementor-element-populated\">\n\t\t\t\t\t\t\t\t<div class=\"elementor-element elementor-element-9bf0463 elementor-widget elementor-widget-heading\" data-id=\"9bf0463\" data-element_type=\"widget\" data-widget_type=\"heading.default\">\n\t\t\t\t<div class=\"elementor-widget-container\">\n\t\t\t<h2 class=\"elementor-heading-title elementor-size-default\">Features<\/h2>\t\t<\/div>\n\t\t\t\t<\/div>\n\t\t\t\t<div class=\"elementor-element elementor-element-709954a elementor-icon-list--layout-traditional elementor-list-item-link-full_width elementor-widget elementor-widget-icon-list\" data-id=\"709954a\" data-element_type=\"widget\" data-widget_type=\"icon-list.default\">\n\t\t\t\t<div class=\"elementor-widget-container\">\n\t\t\t<link rel=\"stylesheet\" href=\"https:\/\/comtecol.com\/wp-content\/plugins\/elementor\/assets\/css\/widget-icon-list.min.css\">\t\t<ul class=\"elementor-icon-list-items\">\n\t\t\t\t\t\t\t<li class=\"elementor-icon-list-item\">\n\t\t\t\t\t\t\t\t\t\t\t<span class=\"elementor-icon-list-icon\">\n\t\t\t\t\t\t\t<i aria-hidden=\"true\" class=\"fas fa-chevron-right\"><\/i>\t\t\t\t\t\t<\/span>\n\t\t\t\t\t\t\t\t\t\t<span class=\"elementor-icon-list-text\">GRP casing<\/span>\n\t\t\t\t\t\t\t\t\t<\/li>\n\t\t\t\t\t\t\t\t<li class=\"elementor-icon-list-item\">\n\t\t\t\t\t\t\t\t\t\t\t<span class=\"elementor-icon-list-icon\">\n\t\t\t\t\t\t\t<i aria-hidden=\"true\" class=\"fas fa-chevron-right\"><\/i>\t\t\t\t\t\t<\/span>\n\t\t\t\t\t\t\t\t\t\t<span class=\"elementor-icon-list-text\">EC motors and fans, with low power consumption<\/span>\n\t\t\t\t\t\t\t\t\t<\/li>\n\t\t\t\t\t\t\t\t<li class=\"elementor-icon-list-item\">\n\t\t\t\t\t\t\t\t\t\t\t<span class=\"elementor-icon-list-icon\">\n\t\t\t\t\t\t\t<i aria-hidden=\"true\" class=\"fas fa-chevron-right\"><\/i>\t\t\t\t\t\t<\/span>\n\t\t\t\t\t\t\t\t\t\t<span class=\"elementor-icon-list-text\">Absence of aerosols, evaporative panel humidification<\/span>\n\t\t\t\t\t\t\t\t\t<\/li>\n\t\t\t\t\t\t\t\t<li class=\"elementor-icon-list-item\">\n\t\t\t\t\t\t\t\t\t\t\t<span class=\"elementor-icon-list-icon\">\n\t\t\t\t\t\t\t<i aria-hidden=\"true\" class=\"fas fa-chevron-right\"><\/i>\t\t\t\t\t\t<\/span>\n\t\t\t\t\t\t\t\t\t\t<span class=\"elementor-icon-list-text\">EC fans<\/span>\n\t\t\t\t\t\t\t\t\t<\/li>\n\t\t\t\t\t\t\t\t<li class=\"elementor-icon-list-item\">\n\t\t\t\t\t\t\t\t\t\t\t<span class=\"elementor-icon-list-icon\">\n\t\t\t\t\t\t\t<i aria-hidden=\"true\" class=\"fas fa-chevron-right\"><\/i>\t\t\t\t\t\t<\/span>\n\t\t\t\t\t\t\t\t\t\t<span class=\"elementor-icon-list-text\">Built-in frequency inverters: they can vary the speed of rotation, consuming only the necessary power and achieving great energy savings.<\/span>\n\t\t\t\t\t\t\t\t\t<\/li>\n\t\t\t\t\t\t\t\t<li class=\"elementor-icon-list-item\">\n\t\t\t\t\t\t\t\t\t\t\t<span class=\"elementor-icon-list-icon\">\n\t\t\t\t\t\t\t<i aria-hidden=\"true\" class=\"fas fa-chevron-right\"><\/i>\t\t\t\t\t\t<\/span>\n\t\t\t\t\t\t\t\t\t\t<span class=\"elementor-icon-list-text\">Absence of excess water<\/span>\n\t\t\t\t\t\t\t\t\t<\/li>\n\t\t\t\t\t\t\t\t<li class=\"elementor-icon-list-item\">\n\t\t\t\t\t\t\t\t\t\t\t<span class=\"elementor-icon-list-icon\">\n\t\t\t\t\t\t\t<i aria-hidden=\"true\" class=\"fas fa-chevron-right\"><\/i>\t\t\t\t\t\t<\/span>\n\t\t\t\t\t\t\t\t\t\t<span class=\"elementor-icon-list-text\">Easily removable humidification panel<\/span>\n\t\t\t\t\t\t\t\t\t<\/li>\n\t\t\t\t\t\t\t\t<li class=\"elementor-icon-list-item\">\n\t\t\t\t\t\t\t\t\t\t\t<span class=\"elementor-icon-list-icon\">\n\t\t\t\t\t\t\t<i aria-hidden=\"true\" class=\"fas fa-chevron-right\"><\/i>\t\t\t\t\t\t<\/span>\n\t\t\t\t\t\t\t\t\t\t<span class=\"elementor-icon-list-text\">Autonomous energy saving management<\/span>\n\t\t\t\t\t\t\t\t\t<\/li>\n\t\t\t\t\t\t\t\t<li class=\"elementor-icon-list-item\">\n\t\t\t\t\t\t\t\t\t\t\t<span class=\"elementor-icon-list-icon\">\n\t\t\t\t\t\t\t<i aria-hidden=\"true\" class=\"fas fa-chevron-right\"><\/i>\t\t\t\t\t\t<\/span>\n\t\t\t\t\t\t\t\t\t\t<span class=\"elementor-icon-list-text\">Ensures minimum operating costs thanks to the combination of two working modes, dry and wet<\/span>\n\t\t\t\t\t\t\t\t\t<\/li>\n\t\t\t\t\t\t\t\t<li class=\"elementor-icon-list-item\">\n\t\t\t\t\t\t\t\t\t\t\t<span class=\"elementor-icon-list-icon\">\n\t\t\t\t\t\t\t<i aria-hidden=\"true\" class=\"fas fa-chevron-right\"><\/i>\t\t\t\t\t\t<\/span>\n\t\t\t\t\t\t\t\t\t\t<span class=\"elementor-icon-list-text\">The wet operation modifies the humidity conditions of the air, thus obtaining cooler air to cool the process fluid, achieving great savings in energy consumption.<\/span>\n\t\t\t\t\t\t\t\t\t<\/li>\n\t\t\t\t\t\t<\/ul>\n\t\t\t\t<\/div>\n\t\t\t\t<\/div>\n\t\t\t\t\t<\/div>\n\t\t<\/div>\n\t\t\t\t\t\t\t<\/div>\n\t\t<\/section>\n\t\t\t\t<section class=\"elementor-section elementor-top-section elementor-element elementor-element-2c63f1f elementor-section-boxed elementor-section-height-default elementor-section-height-default\" data-id=\"2c63f1f\" data-element_type=\"section\" data-settings=\"{&quot;_ha_eqh_enable&quot;:false}\">\n\t\t\t\t\t\t<div class=\"elementor-container elementor-column-gap-default\">\n\t\t\t\t\t<div class=\"elementor-column elementor-col-100 elementor-top-column elementor-element elementor-element-0fbdf6c\" data-id=\"0fbdf6c\" data-element_type=\"column\">\n\t\t\t<div class=\"elementor-widget-wrap elementor-element-populated\">\n\t\t\t\t\t\t\t\t<div class=\"elementor-element elementor-element-36db8f0 elementor-align-center animated-slow elementor-invisible elementor-widget elementor-widget-button\" data-id=\"36db8f0\" data-element_type=\"widget\" data-settings=\"{&quot;_animation&quot;:&quot;fadeInUp&quot;}\" data-widget_type=\"button.default\">\n\t\t\t\t<div class=\"elementor-widget-container\">\n\t\t\t\t\t<div class=\"elementor-button-wrapper\">\n\t\t\t<a href=\"http:\/\/comtecol.com\/en\/contactenos\/#form\/\" class=\"elementor-button-link elementor-button elementor-size-sm elementor-animation-float\" role=\"button\">\n\t\t\t\t\t\t<span class=\"elementor-button-content-wrapper\">\n\t\t\t\t\t\t\t<span class=\"elementor-button-icon elementor-align-icon-left\">\n\t\t\t\t<i aria-hidden=\"true\" class=\"hm hm-envelop2\"><\/i>\t\t\t<\/span>\n\t\t\t\t\t\t<span class=\"elementor-button-text\">Contact us<\/span>\n\t\t<\/span>\n\t\t\t\t\t<\/a>\n\t\t<\/div>\n\t\t\t\t<\/div>\n\t\t\t\t<\/div>\n\t\t\t\t\t<\/div>\n\t\t<\/div>\n\t\t\t\t\t\t\t<\/div>\n\t\t<\/section>\n\t\t\t\t\t\t\t<\/div>","protected":false},"excerpt":{"rendered":"<p>EWK-A Caracter\u00edsticas Carcasa de PRFV Motores y Ventiladores EC, de bajo consumo el\u00e9ctrico Ausencia de aerosoles, humectaci\u00f3n con panel evaporativo Ventiladores EC Variadores de frecuencia incorporados: pueden variar el r\u00e9gimen de giro, consumiendo \u00fanicamente la potencia necesaria, y consiguiendo un gran ahorro energ\u00e9tico Ausencia de agua sobrante Panel de humectaci\u00f3n f\u00e1cilmente desmontable Gesti\u00f3n aut\u00f3noma de [&hellip;]<\/p>","protected":false},"author":1,"featured_media":0,"parent":0,"menu_order":0,"comment_status":"closed","ping_status":"closed","template":"elementor_header_footer","meta":{"_joinchat":[],"footnotes":""},"class_list":["post-593","page","type-page","status-publish","hentry"],"yoast_head":"<!-- This site is optimized with the Yoast SEO plugin v20.7 - https:\/\/yoast.com\/wordpress\/plugins\/seo\/ -->\n<title>EWK-A - Comtecol<\/title>\n<meta name=\"robots\" content=\"index, follow, max-snippet:-1, max-image-preview:large, max-video-preview:-1\" \/>\n<link rel=\"canonical\" href=\"http:\/\/comtecol.com\/en\/ewk-a-2\/\" \/>\n<meta property=\"og:locale\" content=\"en_US\" \/>\n<meta property=\"og:type\" content=\"article\" \/>\n<meta property=\"og:title\" content=\"EWK-A - Comtecol\" \/>\n<meta property=\"og:description\" content=\"EWK-A Caracter\u00edsticas Carcasa de PRFV Motores y Ventiladores EC, de bajo consumo el\u00e9ctrico Ausencia de aerosoles, humectaci\u00f3n con panel evaporativo Ventiladores EC Variadores de frecuencia incorporados: pueden variar el r\u00e9gimen de giro, consumiendo \u00fanicamente la potencia necesaria, y consiguiendo un gran ahorro energ\u00e9tico Ausencia de agua sobrante Panel de humectaci\u00f3n f\u00e1cilmente desmontable Gesti\u00f3n aut\u00f3noma de [&hellip;]\" \/>\n<meta property=\"og:url\" content=\"http:\/\/comtecol.com\/en\/ewk-a-2\/\" \/>\n<meta property=\"og:site_name\" content=\"Comtecol\" \/>\n<meta property=\"article:modified_time\" content=\"2023-05-26T01:25:17+00:00\" \/>\n<meta property=\"og:image\" content=\"http:\/\/comtecol.com\/wp-content\/uploads\/2023\/05\/EWK-A.jpg\" \/>\n<meta name=\"twitter:card\" content=\"summary_large_image\" \/>\n<meta name=\"twitter:label1\" content=\"Est. reading time\" \/>\n\t<meta name=\"twitter:data1\" content=\"1 minute\" \/>\n<script type=\"application\/ld+json\" class=\"yoast-schema-graph\">{\"@context\":\"https:\/\/schema.org\",\"@graph\":[{\"@type\":\"WebPage\",\"@id\":\"http:\/\/comtecol.com\/en\/ewk-a-2\/\",\"url\":\"http:\/\/comtecol.com\/en\/ewk-a-2\/\",\"name\":\"EWK-A - Comtecol\",\"isPartOf\":{\"@id\":\"https:\/\/comtecol.com\/#website\"},\"datePublished\":\"2023-05-20T13:51:07+00:00\",\"dateModified\":\"2023-05-26T01:25:17+00:00\",\"breadcrumb\":{\"@id\":\"http:\/\/comtecol.com\/en\/ewk-a-2\/#breadcrumb\"},\"inLanguage\":\"en-US\",\"potentialAction\":[{\"@type\":\"ReadAction\",\"target\":[\"http:\/\/comtecol.com\/en\/ewk-a-2\/\"]}]},{\"@type\":\"BreadcrumbList\",\"@id\":\"http:\/\/comtecol.com\/en\/ewk-a-2\/#breadcrumb\",\"itemListElement\":[{\"@type\":\"ListItem\",\"position\":1,\"name\":\"Portada\",\"item\":\"https:\/\/comtecol.com\/\"},{\"@type\":\"ListItem\",\"position\":2,\"name\":\"EWK-A\"}]},{\"@type\":\"WebSite\",\"@id\":\"https:\/\/comtecol.com\/#website\",\"url\":\"https:\/\/comtecol.com\/\",\"name\":\"Comtecol\",\"description\":\"\",\"publisher\":{\"@id\":\"https:\/\/comtecol.com\/#organization\"},\"potentialAction\":[{\"@type\":\"SearchAction\",\"target\":{\"@type\":\"EntryPoint\",\"urlTemplate\":\"https:\/\/comtecol.com\/?s={search_term_string}\"},\"query-input\":\"required name=search_term_string\"}],\"inLanguage\":\"en-US\"},{\"@type\":\"Organization\",\"@id\":\"https:\/\/comtecol.com\/#organization\",\"name\":\"Comtecol\",\"url\":\"https:\/\/comtecol.com\/\",\"logo\":{\"@type\":\"ImageObject\",\"inLanguage\":\"en-US\",\"@id\":\"https:\/\/comtecol.com\/#\/schema\/logo\/image\/\",\"url\":\"http:\/\/comtecol.com\/wp-content\/uploads\/2023\/05\/Comtecol-logo-e1684103244937.png\",\"contentUrl\":\"http:\/\/comtecol.com\/wp-content\/uploads\/2023\/05\/Comtecol-logo-e1684103244937.png\",\"width\":500,\"height\":201,\"caption\":\"Comtecol\"},\"image\":{\"@id\":\"https:\/\/comtecol.com\/#\/schema\/logo\/image\/\"}}]}<\/script>\n<!-- \/ Yoast SEO plugin. -->","yoast_head_json":{"title":"EWK-A - Comtecol","robots":{"index":"index","follow":"follow","max-snippet":"max-snippet:-1","max-image-preview":"max-image-preview:large","max-video-preview":"max-video-preview:-1"},"canonical":"http:\/\/comtecol.com\/en\/ewk-a-2\/","og_locale":"en_US","og_type":"article","og_title":"EWK-A - Comtecol","og_description":"EWK-A Caracter\u00edsticas Carcasa de PRFV Motores y Ventiladores EC, de bajo consumo el\u00e9ctrico Ausencia de aerosoles, humectaci\u00f3n con panel evaporativo Ventiladores EC Variadores de frecuencia incorporados: pueden variar el r\u00e9gimen de giro, consumiendo \u00fanicamente la potencia necesaria, y consiguiendo un gran ahorro energ\u00e9tico Ausencia de agua sobrante Panel de humectaci\u00f3n f\u00e1cilmente desmontable Gesti\u00f3n aut\u00f3noma de [&hellip;]","og_url":"http:\/\/comtecol.com\/en\/ewk-a-2\/","og_site_name":"Comtecol","article_modified_time":"2023-05-26T01:25:17+00:00","og_image":[{"url":"http:\/\/comtecol.com\/wp-content\/uploads\/2023\/05\/EWK-A.jpg"}],"twitter_card":"summary_large_image","twitter_misc":{"Est. reading time":"1 minute"},"schema":{"@context":"https:\/\/schema.org","@graph":[{"@type":"WebPage","@id":"http:\/\/comtecol.com\/en\/ewk-a-2\/","url":"http:\/\/comtecol.com\/en\/ewk-a-2\/","name":"EWK-A - Comtecol","isPartOf":{"@id":"https:\/\/comtecol.com\/#website"},"datePublished":"2023-05-20T13:51:07+00:00","dateModified":"2023-05-26T01:25:17+00:00","breadcrumb":{"@id":"http:\/\/comtecol.com\/en\/ewk-a-2\/#breadcrumb"},"inLanguage":"en-US","potentialAction":[{"@type":"ReadAction","target":["http:\/\/comtecol.com\/en\/ewk-a-2\/"]}]},{"@type":"BreadcrumbList","@id":"http:\/\/comtecol.com\/en\/ewk-a-2\/#breadcrumb","itemListElement":[{"@type":"ListItem","position":1,"name":"Portada","item":"https:\/\/comtecol.com\/"},{"@type":"ListItem","position":2,"name":"EWK-A"}]},{"@type":"WebSite","@id":"https:\/\/comtecol.com\/#website","url":"https:\/\/comtecol.com\/","name":"Comtecol","description":"","publisher":{"@id":"https:\/\/comtecol.com\/#organization"},"potentialAction":[{"@type":"SearchAction","target":{"@type":"EntryPoint","urlTemplate":"https:\/\/comtecol.com\/?s={search_term_string}"},"query-input":"required name=search_term_string"}],"inLanguage":"en-US"},{"@type":"Organization","@id":"https:\/\/comtecol.com\/#organization","name":"Comtecol","url":"https:\/\/comtecol.com\/","logo":{"@type":"ImageObject","inLanguage":"en-US","@id":"https:\/\/comtecol.com\/#\/schema\/logo\/image\/","url":"http:\/\/comtecol.com\/wp-content\/uploads\/2023\/05\/Comtecol-logo-e1684103244937.png","contentUrl":"http:\/\/comtecol.com\/wp-content\/uploads\/2023\/05\/Comtecol-logo-e1684103244937.png","width":500,"height":201,"caption":"Comtecol"},"image":{"@id":"https:\/\/comtecol.com\/#\/schema\/logo\/image\/"}}]}},"_links":{"self":[{"href":"http:\/\/comtecol.com\/en\/wp-json\/wp\/v2\/pages\/593","targetHints":{"allow":["GET"]}}],"collection":[{"href":"http:\/\/comtecol.com\/en\/wp-json\/wp\/v2\/pages"}],"about":[{"href":"http:\/\/comtecol.com\/en\/wp-json\/wp\/v2\/types\/page"}],"author":[{"embeddable":true,"href":"http:\/\/comtecol.com\/en\/wp-json\/wp\/v2\/users\/1"}],"replies":[{"embeddable":true,"href":"http:\/\/comtecol.com\/en\/wp-json\/wp\/v2\/comments?post=593"}],"version-history":[{"count":19,"href":"http:\/\/comtecol.com\/en\/wp-json\/wp\/v2\/pages\/593\/revisions"}],"predecessor-version":[{"id":1365,"href":"http:\/\/comtecol.com\/en\/wp-json\/wp\/v2\/pages\/593\/revisions\/1365"}],"wp:attachment":[{"href":"http:\/\/comtecol.com\/en\/wp-json\/wp\/v2\/media?parent=593"}],"curies":[{"name":"wp","href":"https:\/\/api.w.org\/{rel}","templated":true}]}}